{"id":9,"date":"2020-06-19T08:38:14","date_gmt":"2020-06-19T08:38:14","guid":{"rendered":"http:\/\/kmconsult.ee\/?page_id=9"},"modified":"2020-06-19T09:30:48","modified_gmt":"2020-06-19T09:30:48","slug":"ajaveeb","status":"publish","type":"page","link":"https:\/\/kmconsult.ee\/?page_id=9","title":{"rendered":"EKSPERDID"},"content":{"rendered":"\n<p>Kitty Teimann<\/p>\n\n\n\n<p>Kemikaalide ekspert<\/p>\n\n\n\n<p>Telefon: 56483060<\/p>\n\n\n\n<p>E-post: kitty@kmconsult.ee<\/p>\n\n\n\n<p>Tegevusvaldkonnad:\u00a0 REACH tegevused, kemikaalide klassifitseerimine ja m\u00e4rgistamine, ohutuskaartide koostamine ja t\u00f5lkimine, projektijuhtimine, koolitus.\u00a0 <\/p>\n\n\n\n<p>Teemad: Rahvusvaheline, EL ja Eesti kemikaaliohutuse poliitika (\u00f5igusaktid\/direktiivid, REACH, GHS). Ohutuskaardid. N\u00f5uded kemikaaliriski juhtimisel. Tarbijate ohutus, avalikkuse teadlikkuse t\u00f5stmine kemikaalidest igap\u00e4eva elus.<\/p>\n","protected":false},"excerpt":{"rendered":"<p>Kitty Teimann Kemikaalide ekspert Telefon: 56483060 E-post: kitty@kmconsult.ee Tegevusvaldkonnad:\u00a0 REACH tegevused, kemikaalide klassifitseerimine ja m\u00e4rgistamine, ohutuskaartide koostamine ja t\u00f5lkimine, projektijuhtimine, koolitus.\u00a0 Teemad: Rahvusvaheline, EL ja Eesti kemikaaliohutuse poliitika (\u00f5igusaktid\/direktiivid, REACH, GHS). Ohutuskaardid. N\u00f5uded kemikaaliriski juhtimisel. Tarbijate ohutus, avalikkuse teadlikkuse t\u00f5stmine kemikaalidest igap\u00e4eva elus.<\/p>\n","protected":false},"author":1,"featured_media":0,"parent":0,"menu_order":0,"comment_status":"closed","ping_status":"closed","template":"","meta":{"footnotes":""},"class_list":["post-9","page","type-page","status-publish","hentry"],"_links":{"self":[{"href":"https:\/\/kmconsult.ee\/index.php?rest_route=\/wp\/v2\/pages\/9","targetHints":{"allow":["GET"]}}],"collection":[{"href":"https:\/\/kmconsult.ee\/index.php?rest_route=\/wp\/v2\/pages"}],"about":[{"href":"https:\/\/kmconsult.ee\/index.php?rest_route=\/wp\/v2\/types\/page"}],"author":[{"embeddable":true,"href":"https:\/\/kmconsult.ee\/index.php?rest_route=\/wp\/v2\/users\/1"}],"replies":[{"embeddable":true,"href":"https:\/\/kmconsult.ee\/index.php?rest_route=%2Fwp%2Fv2%2Fcomments&post=9"}],"version-history":[{"count":4,"href":"https:\/\/kmconsult.ee\/index.php?rest_route=\/wp\/v2\/pages\/9\/revisions"}],"predecessor-version":[{"id":71,"href":"https:\/\/kmconsult.ee\/index.php?rest_route=\/wp\/v2\/pages\/9\/revisions\/71"}],"wp:attachment":[{"href":"https:\/\/kmconsult.ee\/index.php?rest_route=%2Fwp%2Fv2%2Fmedia&parent=9"}],"curies":[{"name":"wp","href":"https:\/\/api.w.org\/{rel}","templated":true}]}}