{"id":8,"date":"2020-06-19T08:38:14","date_gmt":"2020-06-19T08:38:14","guid":{"rendered":"http:\/\/kmconsult.ee\/?page_id=8"},"modified":"2020-06-19T09:07:50","modified_gmt":"2020-06-19T09:07:50","slug":"kontakt","status":"publish","type":"page","link":"https:\/\/kmconsult.ee\/?page_id=8","title":{"rendered":"Kontakt"},"content":{"rendered":"\n<p>K&amp;M Consult O\u00dc<\/p>\n\n\n\n<p>Viimsi, Harjumaa<\/p>\n\n\n\n<p>Tel:&nbsp;&nbsp; +372 5648 3060&nbsp;&nbsp;&nbsp;<\/p>\n\n\n\n<p>E-post: info@kmconsult.ee&nbsp;&nbsp;<\/p>\n\n\n\n<p>V\u00f5ite meiega kontakteeruda, k\u00fcsimusi k\u00fcsida ja tagasisidet anda kas telefonitsi, vahetutel kohtumistel v\u00f5i kirja teel.<\/p>\n","protected":false},"excerpt":{"rendered":"<p>K&amp;M Consult O\u00dc Viimsi, Harjumaa Tel:&nbsp;&nbsp; +372 5648 3060&nbsp;&nbsp;&nbsp; E-post: info@kmconsult.ee&nbsp;&nbsp; V\u00f5ite meiega kontakteeruda, k\u00fcsimusi k\u00fcsida ja tagasisidet anda kas telefonitsi, vahetutel kohtumistel v\u00f5i kirja teel.<\/p>\n","protected":false},"author":1,"featured_media":0,"parent":0,"menu_order":0,"comment_status":"closed","ping_status":"closed","template":"","meta":{"footnotes":""},"class_list":["post-8","page","type-page","status-publish","hentry"],"_links":{"self":[{"href":"https:\/\/kmconsult.ee\/index.php?rest_route=\/wp\/v2\/pages\/8","targetHints":{"allow":["GET"]}}],"collection":[{"href":"https:\/\/kmconsult.ee\/index.php?rest_route=\/wp\/v2\/pages"}],"about":[{"href":"https:\/\/kmconsult.ee\/index.php?rest_route=\/wp\/v2\/types\/page"}],"author":[{"embeddable":true,"href":"https:\/\/kmconsult.ee\/index.php?rest_route=\/wp\/v2\/users\/1"}],"replies":[{"embeddable":true,"href":"https:\/\/kmconsult.ee\/index.php?rest_route=%2Fwp%2Fv2%2Fcomments&post=8"}],"version-history":[{"count":3,"href":"https:\/\/kmconsult.ee\/index.php?rest_route=\/wp\/v2\/pages\/8\/revisions"}],"predecessor-version":[{"id":55,"href":"https:\/\/kmconsult.ee\/index.php?rest_route=\/wp\/v2\/pages\/8\/revisions\/55"}],"wp:attachment":[{"href":"https:\/\/kmconsult.ee\/index.php?rest_route=%2Fwp%2Fv2%2Fmedia&parent=8"}],"curies":[{"name":"wp","href":"https:\/\/api.w.org\/{rel}","templated":true}]}}